{"id":892,"date":"2021-12-16T22:36:05","date_gmt":"2021-12-16T21:36:05","guid":{"rendered":"http:\/\/tdj.digitaledeluxe.fr\/?page_id=892"},"modified":"2022-02-16T18:01:36","modified_gmt":"2022-02-16T17:01:36","slug":"nos-atouts","status":"publish","type":"page","link":"https:\/\/terredechampions.besancon.fr\/es\/nos-atouts\/","title":{"rendered":"Nuestras ventajas"},"content":{"rendered":"\t\t<div data-elementor-type=\"wp-page\" data-elementor-id=\"892\" class=\"elementor elementor-892\" data-elementor-post-type=\"page\">\n\t\t\t\t\t\t<section class=\"elementor-section elementor-top-section elementor-element elementor-element-28fd02b elementor-section-boxed elementor-section-height-default elementor-section-height-default\" data-id=\"28fd02b\" data-element_type=\"section\" data-e-type=\"section\">\n\t\t\t\t\t\t<div class=\"elementor-container elementor-column-gap-default\">\n\t\t\t\t\t<div class=\"elementor-column elementor-col-100 elementor-top-column elementor-element elementor-element-efd9dc0\" data-id=\"efd9dc0\" data-element_type=\"column\" data-e-type=\"column\">\n\t\t\t<div class=\"elementor-widget-wrap elementor-element-populated\">\n\t\t\t\t\t\t<div class=\"elementor-element elementor-element-636e011 elementor-widget elementor-widget-heading\" data-id=\"636e011\" data-element_type=\"widget\" data-e-type=\"widget\" data-widget_type=\"heading.default\">\n\t\t\t\t<div class=\"elementor-widget-container\">\n\t\t\t\t\t<h1 class=\"elementor-heading-title elementor-size-default\">Nos atouts<\/h1>\t\t\t\t<\/div>\n\t\t\t\t<\/div>\n\t\t\t\t<div class=\"elementor-element elementor-element-2851eef elementor-widget elementor-widget-jet-listing-grid\" data-id=\"2851eef\" data-element_type=\"widget\" data-e-type=\"widget\" data-settings=\"{&quot;columns&quot;:&quot;3&quot;,&quot;columns_mobile&quot;:&quot;1&quot;}\" data-widget_type=\"jet-listing-grid.default\">\n\t\t\t\t<div class=\"elementor-widget-container\">\n\t\t\t\t\t<div class=\"jet-listing-grid jet-listing\"><div class=\"jet-listing-grid__items grid-col-desk-3 grid-col-tablet-3 grid-col-mobile-1 jet-listing-grid--2656\" data-queried-id=\"892|WP_Post\" data-nav=\"{&quot;enabled&quot;:false,&quot;type&quot;:null,&quot;more_el&quot;:null,&quot;query&quot;:[],&quot;widget_settings&quot;:{&quot;lisitng_id&quot;:2656,&quot;posts_num&quot;:6,&quot;columns&quot;:3,&quot;columns_tablet&quot;:3,&quot;columns_mobile&quot;:1,&quot;column_min_width&quot;:240,&quot;column_min_width_tablet&quot;:240,&quot;column_min_width_mobile&quot;:240,&quot;inline_columns_css&quot;:false,&quot;is_archive_template&quot;:&quot;&quot;,&quot;post_status&quot;:[&quot;publish&quot;],&quot;use_random_posts_num&quot;:&quot;&quot;,&quot;max_posts_num&quot;:9,&quot;not_found_message&quot;:&quot;No data was found&quot;,&quot;is_masonry&quot;:false,&quot;equal_columns_height&quot;:&quot;&quot;,&quot;use_load_more&quot;:&quot;&quot;,&quot;load_more_id&quot;:&quot;&quot;,&quot;load_more_type&quot;:&quot;click&quot;,&quot;load_more_offset&quot;:{&quot;unit&quot;:&quot;px&quot;,&quot;size&quot;:0,&quot;sizes&quot;:[]},&quot;use_custom_post_types&quot;:&quot;&quot;,&quot;custom_post_types&quot;:[],&quot;hide_widget_if&quot;:&quot;&quot;,&quot;carousel_enabled&quot;:&quot;&quot;,&quot;slides_to_scroll&quot;:&quot;1&quot;,&quot;arrows&quot;:&quot;true&quot;,&quot;arrow_icon&quot;:&quot;fa fa-angle-left&quot;,&quot;dots&quot;:&quot;&quot;,&quot;autoplay&quot;:&quot;true&quot;,&quot;pause_on_hover&quot;:&quot;true&quot;,&quot;autoplay_speed&quot;:5000,&quot;infinite&quot;:&quot;true&quot;,&quot;center_mode&quot;:&quot;&quot;,&quot;effect&quot;:&quot;slide&quot;,&quot;speed&quot;:500,&quot;inject_alternative_items&quot;:&quot;&quot;,&quot;injection_items&quot;:[],&quot;scroll_slider_enabled&quot;:&quot;&quot;,&quot;scroll_slider_on&quot;:[&quot;desktop&quot;,&quot;tablet&quot;,&quot;mobile&quot;],&quot;custom_query&quot;:false,&quot;custom_query_id&quot;:&quot;&quot;,&quot;_element_id&quot;:&quot;&quot;,&quot;collapse_first_last_gap&quot;:false,&quot;list_tag_selection&quot;:&quot;&quot;,&quot;list_items_wrapper_tag&quot;:&quot;div&quot;,&quot;list_item_tag&quot;:&quot;div&quot;,&quot;empty_items_wrapper_tag&quot;:&quot;div&quot;}}\" data-page=\"1\" data-pages=\"1\" data-listing-source=\"posts\" data-listing-id=\"2656\" data-query-id=\"\"><div class=\"jet-listing-grid__item jet-listing-dynamic-post-592\" data-post-id=\"592\"  ><div class=\"jet-engine-listing-overlay-wrap\" data-url=\"https:\/\/terredechampions.besancon.fr\/es\/atouts\/service-medical-et-centre-de-recuperation\/\">\t\t<div data-elementor-type=\"jet-listing-items\" data-elementor-id=\"2656\" class=\"elementor elementor-2656\" data-elementor-post-type=\"jet-engine\">\n\t\t\t\t\t\t<section class=\"elementor-section elementor-top-section elementor-element elementor-element-2d2d81c elementor-section-boxed elementor-section-height-default elementor-section-height-default\" data-id=\"2d2d81c\" data-element_type=\"section\" data-e-type=\"section\">\n\t\t\t\t\t\t<div class=\"elementor-container elementor-column-gap-default\">\n\t\t\t\t\t<div class=\"elementor-column elementor-col-100 elementor-top-column elementor-element elementor-element-8421ca8\" data-id=\"8421ca8\" data-element_type=\"column\" data-e-type=\"column\">\n\t\t\t<div class=\"elementor-widget-wrap elementor-element-populated\">\n\t\t\t\t\t\t<div class=\"elementor-element elementor-element-5b1a471 elementor-widget elementor-widget-image\" data-id=\"5b1a471\" data-element_type=\"widget\" data-e-type=\"widget\" data-widget_type=\"image.default\">\n\t\t\t\t<div class=\"elementor-widget-container\">\n\t\t\t\t\t\t\t\t\t\t\t\t\t\t\t<img fetchpriority=\"high\" decoding=\"async\" width=\"800\" height=\"534\" src=\"https:\/\/terredechampions.besancon.fr\/wp-content\/uploads\/2022\/01\/2021_12_14_COPS25_161-1024x683.jpg\" class=\"attachment-large size-large wp-image-2085\" alt=\"\" srcset=\"https:\/\/terredechampions.besancon.fr\/wp-content\/uploads\/2022\/01\/2021_12_14_COPS25_161-1024x683.jpg 1024w, https:\/\/terredechampions.besancon.fr\/wp-content\/uploads\/2022\/01\/2021_12_14_COPS25_161-300x200.jpg 300w, https:\/\/terredechampions.besancon.fr\/wp-content\/uploads\/2022\/01\/2021_12_14_COPS25_161-768x512.jpg 768w, https:\/\/terredechampions.besancon.fr\/wp-content\/uploads\/2022\/01\/2021_12_14_COPS25_161-1536x1024.jpg 1536w, https:\/\/terredechampions.besancon.fr\/wp-content\/uploads\/2022\/01\/2021_12_14_COPS25_161-2048x1366.jpg 2048w\" sizes=\"(max-width: 800px) 100vw, 800px\" \/>\t\t\t\t\t\t\t\t\t\t\t\t\t\t\t<\/div>\n\t\t\t\t<\/div>\n\t\t\t\t<div class=\"elementor-element elementor-element-113a4af elementor-widget elementor-widget-heading\" data-id=\"113a4af\" data-element_type=\"widget\" data-e-type=\"widget\" data-widget_type=\"heading.default\">\n\t\t\t\t<div class=\"elementor-widget-container\">\n\t\t\t\t\t<h3 class=\"elementor-heading-title elementor-size-default\">Centre de r\u00e9cup\u00e9ration &#038; services m\u00e9dicaux sur mesure<\/h3>\t\t\t\t<\/div>\n\t\t\t\t<\/div>\n\t\t\t\t<div class=\"elementor-element elementor-element-a1f3775 elementor-widget elementor-widget-text-editor\" data-id=\"a1f3775\" data-element_type=\"widget\" data-e-type=\"widget\" data-widget_type=\"text-editor.default\">\n\t\t\t\t<div class=\"elementor-widget-container\">\n\t\t\t\t\t\t\t\t\tAutour de votre pr\u00e9paration sportive, un \u00e9quipement unique en mati\u00e8re de pr\u00e9paration et de r\u00e9cup\u00e9ration : le Centre d\u2019optimisation de la performance sportive (COPS) et ses chambres hypoxiques.\nEn cas de blessure, une \u00e9quipe de praticiens hospitaliers pluridisciplinaire est \u00e0 votre disposition !\t\t\t\t\t\t\t\t<\/div>\n\t\t\t\t<\/div>\n\t\t\t\t\t<\/div>\n\t\t<\/div>\n\t\t\t\t\t<\/div>\n\t\t<\/section>\n\t\t\t\t<\/div>\n\t\t<a href=\"https:\/\/terredechampions.besancon.fr\/es\/atouts\/service-medical-et-centre-de-recuperation\/\" class=\"jet-engine-listing-overlay-link\"><\/a><\/div><\/div><div class=\"jet-listing-grid__item jet-listing-dynamic-post-601\" data-post-id=\"601\"  ><div class=\"jet-engine-listing-overlay-wrap\" data-url=\"https:\/\/terredechampions.besancon.fr\/es\/atouts\/hotels-et-equipements-de-proximite\/\">\t\t<div data-elementor-type=\"jet-listing-items\" data-elementor-id=\"2656\" class=\"elementor elementor-2656\" data-elementor-post-type=\"jet-engine\">\n\t\t\t\t\t\t<section class=\"elementor-section elementor-top-section elementor-element elementor-element-2d2d81c elementor-section-boxed elementor-section-height-default elementor-section-height-default\" data-id=\"2d2d81c\" data-element_type=\"section\" data-e-type=\"section\">\n\t\t\t\t\t\t<div class=\"elementor-container elementor-column-gap-default\">\n\t\t\t\t\t<div class=\"elementor-column elementor-col-100 elementor-top-column elementor-element elementor-element-8421ca8\" data-id=\"8421ca8\" data-element_type=\"column\" data-e-type=\"column\">\n\t\t\t<div class=\"elementor-widget-wrap elementor-element-populated\">\n\t\t\t\t\t\t<div class=\"elementor-element elementor-element-5b1a471 elementor-widget elementor-widget-image\" data-id=\"5b1a471\" data-element_type=\"widget\" data-e-type=\"widget\" data-widget_type=\"image.default\">\n\t\t\t\t<div class=\"elementor-widget-container\">\n\t\t\t\t\t\t\t\t\t\t\t\t\t\t\t<img decoding=\"async\" width=\"800\" height=\"534\" src=\"https:\/\/terredechampions.besancon.fr\/wp-content\/uploads\/2021\/12\/victor-hugo-6-1024x683.jpg\" class=\"attachment-large size-large wp-image-2119\" alt=\"\" srcset=\"https:\/\/terredechampions.besancon.fr\/wp-content\/uploads\/2021\/12\/victor-hugo-6-1024x683.jpg 1024w, https:\/\/terredechampions.besancon.fr\/wp-content\/uploads\/2021\/12\/victor-hugo-6-300x200.jpg 300w, https:\/\/terredechampions.besancon.fr\/wp-content\/uploads\/2021\/12\/victor-hugo-6-768x512.jpg 768w, https:\/\/terredechampions.besancon.fr\/wp-content\/uploads\/2021\/12\/victor-hugo-6-1536x1024.jpg 1536w, https:\/\/terredechampions.besancon.fr\/wp-content\/uploads\/2021\/12\/victor-hugo-6.jpg 2048w\" sizes=\"(max-width: 800px) 100vw, 800px\" \/>\t\t\t\t\t\t\t\t\t\t\t\t\t\t\t<\/div>\n\t\t\t\t<\/div>\n\t\t\t\t<div class=\"elementor-element elementor-element-113a4af elementor-widget elementor-widget-heading\" data-id=\"113a4af\" data-element_type=\"widget\" data-e-type=\"widget\" data-widget_type=\"heading.default\">\n\t\t\t\t<div class=\"elementor-widget-container\">\n\t\t\t\t\t<h3 class=\"elementor-heading-title elementor-size-default\">Une offre h\u00f4teli\u00e8re diversifi\u00e9e &#038; des \u00e9quipements de proximit\u00e9<\/h3>\t\t\t\t<\/div>\n\t\t\t\t<\/div>\n\t\t\t\t<div class=\"elementor-element elementor-element-a1f3775 elementor-widget elementor-widget-text-editor\" data-id=\"a1f3775\" data-element_type=\"widget\" data-e-type=\"widget\" data-widget_type=\"text-editor.default\">\n\t\t\t\t<div class=\"elementor-widget-container\">\n\t\t\t\t\t\t\t\t\tVous trouverez \u00e0 Besan\u00e7on des h\u00e9bergements de grande qualit\u00e9 pour des tarifs tr\u00e8s largement inf\u00e9rieurs \u00e0 ceux pratiqu\u00e9s dans les grandes m\u00e9tropoles \u00e0 niveau de prestations \u00e9gales.\nEt puis, aucun stress pour rejoindre votre centre d\u2019entrainement, puisque gr\u00e2ce \u00e0 notre territoire condens\u00e9 il se situera \u00e0 moins de 15 minutes de votre h\u00f4tel.\t\t\t\t\t\t\t\t<\/div>\n\t\t\t\t<\/div>\n\t\t\t\t\t<\/div>\n\t\t<\/div>\n\t\t\t\t\t<\/div>\n\t\t<\/section>\n\t\t\t\t<\/div>\n\t\t<a href=\"https:\/\/terredechampions.besancon.fr\/es\/atouts\/hotels-et-equipements-de-proximite\/\" class=\"jet-engine-listing-overlay-link\"><\/a><\/div><\/div><div class=\"jet-listing-grid__item jet-listing-dynamic-post-604\" data-post-id=\"604\"  ><div class=\"jet-engine-listing-overlay-wrap\" data-url=\"https:\/\/terredechampions.besancon.fr\/es\/atouts\/une-offre-et-une-adaptivite-a-la-carte\/\">\t\t<div data-elementor-type=\"jet-listing-items\" data-elementor-id=\"2656\" class=\"elementor elementor-2656\" data-elementor-post-type=\"jet-engine\">\n\t\t\t\t\t\t<section class=\"elementor-section elementor-top-section elementor-element elementor-element-2d2d81c elementor-section-boxed elementor-section-height-default elementor-section-height-default\" data-id=\"2d2d81c\" data-element_type=\"section\" data-e-type=\"section\">\n\t\t\t\t\t\t<div class=\"elementor-container elementor-column-gap-default\">\n\t\t\t\t\t<div class=\"elementor-column elementor-col-100 elementor-top-column elementor-element elementor-element-8421ca8\" data-id=\"8421ca8\" data-element_type=\"column\" data-e-type=\"column\">\n\t\t\t<div class=\"elementor-widget-wrap elementor-element-populated\">\n\t\t\t\t\t\t<div class=\"elementor-element elementor-element-5b1a471 elementor-widget elementor-widget-image\" data-id=\"5b1a471\" data-element_type=\"widget\" data-e-type=\"widget\" data-widget_type=\"image.default\">\n\t\t\t\t<div class=\"elementor-widget-container\">\n\t\t\t\t\t\t\t\t\t\t\t\t\t\t\t<img decoding=\"async\" width=\"800\" height=\"534\" src=\"https:\/\/terredechampions.besancon.fr\/wp-content\/uploads\/2022\/01\/SANDRA-VILLE-VERTE-15-1024x683.jpg\" class=\"attachment-large size-large wp-image-1729\" alt=\"\" srcset=\"https:\/\/terredechampions.besancon.fr\/wp-content\/uploads\/2022\/01\/SANDRA-VILLE-VERTE-15-1024x683.jpg 1024w, https:\/\/terredechampions.besancon.fr\/wp-content\/uploads\/2022\/01\/SANDRA-VILLE-VERTE-15-300x200.jpg 300w, https:\/\/terredechampions.besancon.fr\/wp-content\/uploads\/2022\/01\/SANDRA-VILLE-VERTE-15-768x512.jpg 768w, https:\/\/terredechampions.besancon.fr\/wp-content\/uploads\/2022\/01\/SANDRA-VILLE-VERTE-15-1536x1024.jpg 1536w, https:\/\/terredechampions.besancon.fr\/wp-content\/uploads\/2022\/01\/SANDRA-VILLE-VERTE-15-2048x1365.jpg 2048w\" sizes=\"(max-width: 800px) 100vw, 800px\" \/>\t\t\t\t\t\t\t\t\t\t\t\t\t\t\t<\/div>\n\t\t\t\t<\/div>\n\t\t\t\t<div class=\"elementor-element elementor-element-113a4af elementor-widget elementor-widget-heading\" data-id=\"113a4af\" data-element_type=\"widget\" data-e-type=\"widget\" data-widget_type=\"heading.default\">\n\t\t\t\t<div class=\"elementor-widget-container\">\n\t\t\t\t\t<h3 class=\"elementor-heading-title elementor-size-default\">Une offre de services \u00e0 la carte<\/h3>\t\t\t\t<\/div>\n\t\t\t\t<\/div>\n\t\t\t\t<div class=\"elementor-element elementor-element-a1f3775 elementor-widget elementor-widget-text-editor\" data-id=\"a1f3775\" data-element_type=\"widget\" data-e-type=\"widget\" data-widget_type=\"text-editor.default\">\n\t\t\t\t<div class=\"elementor-widget-container\">\n\t\t\t\t\t\t\t\t\tUne pr\u00e9paration \u00e0 Besan\u00e7on c\u2019est l\u2019assurance d\u2019une concentration exclusivement centr\u00e9e sur le travail sportif. Les transferts depuis l\u2019a\u00e9roport, l\u2019accompagnement linguistique, le transport de votre staff et du mat\u00e9riel&#8230; tout est centralis\u00e9 par notre \u00e9quipe d\u2019accueil pour vous garantir un stage optimum pour aller d\u00e9crocher une m\u00e9daille.\t\t\t\t\t\t\t\t<\/div>\n\t\t\t\t<\/div>\n\t\t\t\t\t<\/div>\n\t\t<\/div>\n\t\t\t\t\t<\/div>\n\t\t<\/section>\n\t\t\t\t<\/div>\n\t\t<a href=\"https:\/\/terredechampions.besancon.fr\/es\/atouts\/une-offre-et-une-adaptivite-a-la-carte\/\" class=\"jet-engine-listing-overlay-link\"><\/a><\/div><\/div><\/div><\/div>\t\t\t\t<\/div>\n\t\t\t\t<\/div>\n\t\t\t\t\t<\/div>\n\t\t<\/div>\n\t\t\t\t\t<\/div>\n\t\t<\/section>\n\t\t\t\t<\/div>\n\t\t","protected":false},"excerpt":{"rendered":"<p>Nuestras ventajas<\/p>","protected":false},"author":1,"featured_media":0,"parent":0,"menu_order":0,"comment_status":"closed","ping_status":"closed","template":"","meta":{"footnotes":""},"taxonomy-discipline":[],"class_list":["post-892","page","type-page","status-publish","hentry"],"_links":{"self":[{"href":"https:\/\/terredechampions.besancon.fr\/es\/wp-json\/wp\/v2\/pages\/892","targetHints":{"allow":["GET"]}}],"collection":[{"href":"https:\/\/terredechampions.besancon.fr\/es\/wp-json\/wp\/v2\/pages"}],"about":[{"href":"https:\/\/terredechampions.besancon.fr\/es\/wp-json\/wp\/v2\/types\/page"}],"author":[{"embeddable":true,"href":"https:\/\/terredechampions.besancon.fr\/es\/wp-json\/wp\/v2\/users\/1"}],"replies":[{"embeddable":true,"href":"https:\/\/terredechampions.besancon.fr\/es\/wp-json\/wp\/v2\/comments?post=892"}],"version-history":[{"count":0,"href":"https:\/\/terredechampions.besancon.fr\/es\/wp-json\/wp\/v2\/pages\/892\/revisions"}],"wp:attachment":[{"href":"https:\/\/terredechampions.besancon.fr\/es\/wp-json\/wp\/v2\/media?parent=892"}],"wp:term":[{"taxonomy":"taxonomy-discipline","embeddable":true,"href":"https:\/\/terredechampions.besancon.fr\/es\/wp-json\/wp\/v2\/taxonomy-discipline?post=892"}],"curies":[{"name":"wp","href":"https:\/\/api.w.org\/{rel}","templated":true}]}}