{"id":882,"date":"2021-12-16T22:34:17","date_gmt":"2021-12-16T21:34:17","guid":{"rendered":"http:\/\/tdj.digitaledeluxe.fr\/?page_id=882"},"modified":"2022-02-24T14:39:49","modified_gmt":"2022-02-24T13:39:49","slug":"le-cops-complexe-doptimisation-de-la-performance-sportive","status":"publish","type":"page","link":"https:\/\/terredechampions.besancon.fr\/es\/le-cops-complexe-doptimisation-de-la-performance-sportive\/","title":{"rendered":"El COPS: Complejo de optimizaci\u00f3n del rendimiento deportivo"},"content":{"rendered":"<div data-elementor-type=\"wp-page\" data-elementor-id=\"882\" class=\"elementor elementor-882\" data-elementor-post-type=\"page\">\n\t\t\t\t\t\t<section class=\"elementor-section elementor-top-section elementor-element elementor-element-7a21e04 elementor-section-height-min-height elementor-section-boxed elementor-section-height-default elementor-section-items-middle\" data-id=\"7a21e04\" data-element_type=\"section\" data-e-type=\"section\" data-settings=\"{&quot;background_background&quot;:&quot;classic&quot;}\">\n\t\t\t\t\t\t\t<div class=\"elementor-background-overlay\"><\/div>\n\t\t\t\t\t\t\t<div class=\"elementor-container elementor-column-gap-default\">\n\t\t\t\t\t<div class=\"elementor-column elementor-col-50 elementor-top-column elementor-element elementor-element-620259b\" data-id=\"620259b\" data-element_type=\"column\" data-e-type=\"column\">\n\t\t\t<div class=\"elementor-widget-wrap elementor-element-populated\">\n\t\t\t\t\t\t<div class=\"elementor-element elementor-element-0ff029e elementor-widget elementor-widget-heading\" data-id=\"0ff029e\" data-element_type=\"widget\" data-e-type=\"widget\" data-widget_type=\"heading.default\">\n\t\t\t\t<div class=\"elementor-widget-container\">\n\t\t\t\t\t<h2 class=\"elementor-heading-title elementor-size-default\">El COPS: Complejo de optimizaci\u00f3n del rendimiento deportivo<\/h2>\t\t\t\t<\/div>\n\t\t\t\t<\/div>\n\t\t\t\t\t<\/div>\n\t\t<\/div>\n\t\t\t\t<div class=\"elementor-column elementor-col-50 elementor-top-column elementor-element elementor-element-fd0a22d\" data-id=\"fd0a22d\" data-element_type=\"column\" data-e-type=\"column\">\n\t\t\t<div class=\"elementor-widget-wrap\">\n\t\t\t\t\t\t\t<\/div>\n\t\t<\/div>\n\t\t\t\t\t<\/div>\n\t\t<\/section>\n\t\t\t\t<section class=\"elementor-section elementor-top-section elementor-element elementor-element-6bd62f4 elementor-section-boxed elementor-section-height-default elementor-section-height-default\" data-id=\"6bd62f4\" data-element_type=\"section\" data-e-type=\"section\">\n\t\t\t\t\t\t<div class=\"elementor-container elementor-column-gap-default\">\n\t\t\t\t\t<div class=\"elementor-column elementor-col-50 elementor-top-column elementor-element elementor-element-de24516\" data-id=\"de24516\" data-element_type=\"column\" data-e-type=\"column\">\n\t\t\t<div class=\"elementor-widget-wrap elementor-element-populated\">\n\t\t\t\t\t\t<div class=\"elementor-element elementor-element-bfd8ded elementor-widget elementor-widget-heading\" data-id=\"bfd8ded\" data-element_type=\"widget\" data-e-type=\"widget\" data-widget_type=\"heading.default\">\n\t\t\t\t<div class=\"elementor-widget-container\">\n\t\t\t\t\t<h3 class=\"elementor-heading-title elementor-size-default\">El COPS, UN ESPACIO DEDICADO AL DEPORTE DE ELITE<\/h3>\t\t\t\t<\/div>\n\t\t\t\t<\/div>\n\t\t\t\t<div class=\"elementor-element elementor-element-6a94251 elementor-widget elementor-widget-text-editor\" data-id=\"6a94251\" data-element_type=\"widget\" data-e-type=\"widget\" data-widget_type=\"text-editor.default\">\n\t\t\t\t<div class=\"elementor-widget-container\">\n\t\t\t\t\t\t\t\t\t<p>El COPS, Complejo de optimizaci\u00f3n del rendimiento deportivo, abierto en marzo de 2020 es \u00fanico en Francia. El edificio de 2 500 m2 de superficie fue imaginado por Alexandre Chouffe, ex ciclista profesional, para responder a las solicitudes de atletas del alto nivel, re\u00fane numerosos equipps y servicios que satisfar\u00e1n las expectativas de preparadores f\u00edsicos y responsables de delegaci\u00f3n.<\/p>\t\t\t\t\t\t\t\t<\/div>\n\t\t\t\t<\/div>\n\t\t\t\t<div class=\"elementor-element elementor-element-cf26f6b elementor-widget elementor-widget-image\" data-id=\"cf26f6b\" data-element_type=\"widget\" data-e-type=\"widget\" data-widget_type=\"image.default\">\n\t\t\t\t<div class=\"elementor-widget-container\">\n\t\t\t\t\t\t\t\t\t\t\t\t\t\t\t<img fetchpriority=\"high\" decoding=\"async\" width=\"800\" height=\"534\" src=\"https:\/\/terredechampions.besancon.fr\/wp-content\/uploads\/2021\/12\/COPS-1024x683.jpg\" class=\"attachment-large size-large wp-image-2059\" alt=\"\" srcset=\"https:\/\/terredechampions.besancon.fr\/wp-content\/uploads\/2021\/12\/COPS-1024x683.jpg 1024w, https:\/\/terredechampions.besancon.fr\/wp-content\/uploads\/2021\/12\/COPS-300x200.jpg 300w, https:\/\/terredechampions.besancon.fr\/wp-content\/uploads\/2021\/12\/COPS-768x512.jpg 768w, https:\/\/terredechampions.besancon.fr\/wp-content\/uploads\/2021\/12\/COPS.jpg 1440w\" sizes=\"(max-width: 800px) 100vw, 800px\" \/>\t\t\t\t\t\t\t\t\t\t\t\t\t\t\t<\/div>\n\t\t\t\t<\/div>\n\t\t\t\t<div class=\"elementor-element elementor-element-c6a1a92 elementor-widget elementor-widget-text-editor\" data-id=\"c6a1a92\" data-element_type=\"widget\" data-e-type=\"widget\" data-widget_type=\"text-editor.default\">\n\t\t\t\t<div class=\"elementor-widget-container\">\n\t\t\t\t\t\t\t\t\tAqu\u00ed encontrar\u00e1n espacios de:\n<ul>\n \t<li><strong>Crioterapia<\/strong><\/li>\n \t<li><strong>Oxigenoterapia e hiperbarica<\/strong><\/li>\n \t<li><strong>9 apartamentos cuentan con 10 c\u00e1maras de hipoxia<\/strong><\/li>\n \t<li><strong>Entrenamiento en hipoxia<\/strong><\/li>\n \t<li><strong>Termo training room<\/strong><\/li>\n \t<li><strong>Sala de musculaci\u00f3n<\/strong><\/li>\n \t<li><strong>Plataforma fitness de \u00faltima generaci\u00f3n<\/strong><\/li>\n<\/ul>\n\n<p class=\" translation-block\">El conjunto, beneficia de consejo y peritaje del staff espec\u00edficamente capacitado en ciencias del deporte. <i>\u00abEs el lugar so\u00f1ado\u00bb<\/i>, resume, Fr\u00e9d\u00e9ric Grappe, director Rendimiento en el seno del equipo ciclista Groupama-FDJ, que ha instalado el Centro de Rendimiento del equipo Groupama-FDJ en este edificio.<\/p>\t\t\t\t\t\t\t\t<\/div>\n\t\t\t\t<\/div>\n\t\t\t\t\t<\/div>\n\t\t<\/div>\n\t\t\t\t<div class=\"elementor-column elementor-col-50 elementor-top-column elementor-element elementor-element-69ef37b\" data-id=\"69ef37b\" data-element_type=\"column\" data-e-type=\"column\" data-settings=\"{&quot;background_background&quot;:&quot;classic&quot;}\">\n\t\t\t<div class=\"elementor-widget-wrap elementor-element-populated\">\n\t\t\t\t\t\t<div class=\"elementor-element elementor-element-4864a1a elementor-widget elementor-widget-gallery\" data-id=\"4864a1a\" data-element_type=\"widget\" data-e-type=\"widget\" data-settings=\"{&quot;gallery_layout&quot;:&quot;justified&quot;,&quot;lazyload&quot;:&quot;yes&quot;,&quot;ideal_row_height&quot;:{&quot;unit&quot;:&quot;px&quot;,&quot;size&quot;:200,&quot;sizes&quot;:[]},&quot;ideal_row_height_tablet&quot;:{&quot;unit&quot;:&quot;px&quot;,&quot;size&quot;:150,&quot;sizes&quot;:[]},&quot;ideal_row_height_mobile&quot;:{&quot;unit&quot;:&quot;px&quot;,&quot;size&quot;:150,&quot;sizes&quot;:[]},&quot;gap&quot;:{&quot;unit&quot;:&quot;px&quot;,&quot;size&quot;:10,&quot;sizes&quot;:[]},&quot;gap_tablet&quot;:{&quot;unit&quot;:&quot;px&quot;,&quot;size&quot;:10,&quot;sizes&quot;:[]},&quot;gap_mobile&quot;:{&quot;unit&quot;:&quot;px&quot;,&quot;size&quot;:10,&quot;sizes&quot;:[]},&quot;link_to&quot;:&quot;file&quot;,&quot;overlay_background&quot;:&quot;yes&quot;,&quot;content_hover_animation&quot;:&quot;fade-in&quot;}\" data-widget_type=\"gallery.default\">\n\t\t\t\t<div class=\"elementor-widget-container\">\n\t\t\t\t\t\t\t<div class=\"elementor-gallery__container\">\n\t\t\t\t\t\t\t<a class=\"e-gallery-item elementor-gallery-item elementor-animated-content\" href=\"https:\/\/terredechampions.besancon.fr\/wp-content\/uploads\/2021\/12\/2021_12_14_COPS25_205.jpg\" data-elementor-open-lightbox=\"yes\" data-elementor-lightbox-slideshow=\"4864a1a\" data-elementor-lightbox-title=\"COPS25\" data-e-action-hash=\"#elementor-action%3Aaction%3Dlightbox%26settings%3DeyJpZCI6MzM4OSwidXJsIjoiaHR0cHM6XC9cL3RlcnJlZGVjaGFtcGlvbnMuYmVzYW5jb24uZnJcL3dwLWNvbnRlbnRcL3VwbG9hZHNcLzIwMjFcLzEyXC8yMDIxXzEyXzE0X0NPUFMyNV8yMDUuanBnIiwic2xpZGVzaG93IjoiNDg2NGExYSJ9\">\n\t\t\t\t\t<div class=\"e-gallery-image elementor-gallery-item__image\" data-thumbnail=\"https:\/\/terredechampions.besancon.fr\/wp-content\/uploads\/2021\/12\/2021_12_14_COPS25_205-300x200.jpg\" data-width=\"300\" data-height=\"200\" aria-label=\"\" role=\"img\" ><\/div>\n\t\t\t\t\t\t\t\t\t\t\t<div class=\"elementor-gallery-item__overlay\"><\/div>\n\t\t\t\t\t\t\t\t\t\t\t\t\t\t<\/a>\n\t\t\t\t\t\t\t<a class=\"e-gallery-item elementor-gallery-item elementor-animated-content\" href=\"https:\/\/terredechampions.besancon.fr\/wp-content\/uploads\/2021\/12\/2021_12_14_COPS25_187-scaled.jpg\" data-elementor-open-lightbox=\"yes\" data-elementor-lightbox-slideshow=\"4864a1a\" data-elementor-lightbox-title=\"COPS25\" data-e-action-hash=\"#elementor-action%3Aaction%3Dlightbox%26settings%3DeyJpZCI6MzM4NSwidXJsIjoiaHR0cHM6XC9cL3RlcnJlZGVjaGFtcGlvbnMuYmVzYW5jb24uZnJcL3dwLWNvbnRlbnRcL3VwbG9hZHNcLzIwMjFcLzEyXC8yMDIxXzEyXzE0X0NPUFMyNV8xODctc2NhbGVkLmpwZyIsInNsaWRlc2hvdyI6IjQ4NjRhMWEifQ%3D%3D\">\n\t\t\t\t\t<div class=\"e-gallery-image elementor-gallery-item__image\" data-thumbnail=\"https:\/\/terredechampions.besancon.fr\/wp-content\/uploads\/2021\/12\/2021_12_14_COPS25_187-200x300.jpg\" data-width=\"200\" data-height=\"300\" aria-label=\"\" role=\"img\" ><\/div>\n\t\t\t\t\t\t\t\t\t\t\t<div class=\"elementor-gallery-item__overlay\"><\/div>\n\t\t\t\t\t\t\t\t\t\t\t\t\t\t<\/a>\n\t\t\t\t\t\t\t<a class=\"e-gallery-item elementor-gallery-item elementor-animated-content\" href=\"https:\/\/terredechampions.besancon.fr\/wp-content\/uploads\/2022\/01\/2021_12_14_COPS25_000.jpg\" data-elementor-open-lightbox=\"yes\" data-elementor-lightbox-slideshow=\"4864a1a\" data-elementor-lightbox-title=\"COPS25\" data-e-action-hash=\"#elementor-action%3Aaction%3Dlightbox%26settings%3DeyJpZCI6MjA3NiwidXJsIjoiaHR0cHM6XC9cL3RlcnJlZGVjaGFtcGlvbnMuYmVzYW5jb24uZnJcL3dwLWNvbnRlbnRcL3VwbG9hZHNcLzIwMjJcLzAxXC8yMDIxXzEyXzE0X0NPUFMyNV8wMDAuanBnIiwic2xpZGVzaG93IjoiNDg2NGExYSJ9\">\n\t\t\t\t\t<div class=\"e-gallery-image elementor-gallery-item__image\" data-thumbnail=\"https:\/\/terredechampions.besancon.fr\/wp-content\/uploads\/2022\/01\/2021_12_14_COPS25_000-300x200.jpg\" data-width=\"300\" data-height=\"200\" aria-label=\"\" role=\"img\" ><\/div>\n\t\t\t\t\t\t\t\t\t\t\t<div class=\"elementor-gallery-item__overlay\"><\/div>\n\t\t\t\t\t\t\t\t\t\t\t\t\t\t<\/a>\n\t\t\t\t\t\t\t<a class=\"e-gallery-item elementor-gallery-item elementor-animated-content\" href=\"https:\/\/terredechampions.besancon.fr\/wp-content\/uploads\/2022\/01\/2021_12_14_COPS25_043.jpg\" data-elementor-open-lightbox=\"yes\" data-elementor-lightbox-slideshow=\"4864a1a\" data-elementor-lightbox-title=\"COPS25\" data-e-action-hash=\"#elementor-action%3Aaction%3Dlightbox%26settings%3DeyJpZCI6MjA3MywidXJsIjoiaHR0cHM6XC9cL3RlcnJlZGVjaGFtcGlvbnMuYmVzYW5jb24uZnJcL3dwLWNvbnRlbnRcL3VwbG9hZHNcLzIwMjJcLzAxXC8yMDIxXzEyXzE0X0NPUFMyNV8wNDMuanBnIiwic2xpZGVzaG93IjoiNDg2NGExYSJ9\">\n\t\t\t\t\t<div class=\"e-gallery-image elementor-gallery-item__image\" data-thumbnail=\"https:\/\/terredechampions.besancon.fr\/wp-content\/uploads\/2022\/01\/2021_12_14_COPS25_043-300x200.jpg\" data-width=\"300\" data-height=\"200\" aria-label=\"\" role=\"img\" ><\/div>\n\t\t\t\t\t\t\t\t\t\t\t<div class=\"elementor-gallery-item__overlay\"><\/div>\n\t\t\t\t\t\t\t\t\t\t\t\t\t\t<\/a>\n\t\t\t\t\t\t\t<a class=\"e-gallery-item elementor-gallery-item elementor-animated-content\" href=\"https:\/\/terredechampions.besancon.fr\/wp-content\/uploads\/2022\/01\/2021_12_14_COPS25_001.jpg\" data-elementor-open-lightbox=\"yes\" data-elementor-lightbox-slideshow=\"4864a1a\" data-elementor-lightbox-title=\"COPS25\" data-e-action-hash=\"#elementor-action%3Aaction%3Dlightbox%26settings%3DeyJpZCI6MjA3NCwidXJsIjoiaHR0cHM6XC9cL3RlcnJlZGVjaGFtcGlvbnMuYmVzYW5jb24uZnJcL3dwLWNvbnRlbnRcL3VwbG9hZHNcLzIwMjJcLzAxXC8yMDIxXzEyXzE0X0NPUFMyNV8wMDEuanBnIiwic2xpZGVzaG93IjoiNDg2NGExYSJ9\">\n\t\t\t\t\t<div class=\"e-gallery-image elementor-gallery-item__image\" data-thumbnail=\"https:\/\/terredechampions.besancon.fr\/wp-content\/uploads\/2022\/01\/2021_12_14_COPS25_001-300x200.jpg\" data-width=\"300\" data-height=\"200\" aria-label=\"\" role=\"img\" ><\/div>\n\t\t\t\t\t\t\t\t\t\t\t<div class=\"elementor-gallery-item__overlay\"><\/div>\n\t\t\t\t\t\t\t\t\t\t\t\t\t\t<\/a>\n\t\t\t\t\t\t\t<a class=\"e-gallery-item elementor-gallery-item elementor-animated-content\" href=\"https:\/\/terredechampions.besancon.fr\/wp-content\/uploads\/2022\/01\/2021_12_14_COPS25_077.jpg\" data-elementor-open-lightbox=\"yes\" data-elementor-lightbox-slideshow=\"4864a1a\" data-elementor-lightbox-title=\"COPS25\" data-e-action-hash=\"#elementor-action%3Aaction%3Dlightbox%26settings%3DeyJpZCI6MjA3NywidXJsIjoiaHR0cHM6XC9cL3RlcnJlZGVjaGFtcGlvbnMuYmVzYW5jb24uZnJcL3dwLWNvbnRlbnRcL3VwbG9hZHNcLzIwMjJcLzAxXC8yMDIxXzEyXzE0X0NPUFMyNV8wNzcuanBnIiwic2xpZGVzaG93IjoiNDg2NGExYSJ9\">\n\t\t\t\t\t<div class=\"e-gallery-image elementor-gallery-item__image\" data-thumbnail=\"https:\/\/terredechampions.besancon.fr\/wp-content\/uploads\/2022\/01\/2021_12_14_COPS25_077-300x200.jpg\" data-width=\"300\" data-height=\"200\" aria-label=\"\" role=\"img\" ><\/div>\n\t\t\t\t\t\t\t\t\t\t\t<div class=\"elementor-gallery-item__overlay\"><\/div>\n\t\t\t\t\t\t\t\t\t\t\t\t\t\t<\/a>\n\t\t\t\t\t\t\t<a class=\"e-gallery-item elementor-gallery-item elementor-animated-content\" href=\"https:\/\/terredechampions.besancon.fr\/wp-content\/uploads\/2022\/01\/2021_12_14_COPS25_132.jpg\" data-elementor-open-lightbox=\"yes\" data-elementor-lightbox-slideshow=\"4864a1a\" data-elementor-lightbox-title=\"COPS25\" data-e-action-hash=\"#elementor-action%3Aaction%3Dlightbox%26settings%3DeyJpZCI6MjA4MywidXJsIjoiaHR0cHM6XC9cL3RlcnJlZGVjaGFtcGlvbnMuYmVzYW5jb24uZnJcL3dwLWNvbnRlbnRcL3VwbG9hZHNcLzIwMjJcLzAxXC8yMDIxXzEyXzE0X0NPUFMyNV8xMzIuanBnIiwic2xpZGVzaG93IjoiNDg2NGExYSJ9\">\n\t\t\t\t\t<div class=\"e-gallery-image elementor-gallery-item__image\" data-thumbnail=\"https:\/\/terredechampions.besancon.fr\/wp-content\/uploads\/2022\/01\/2021_12_14_COPS25_132-300x200.jpg\" data-width=\"300\" data-height=\"200\" aria-label=\"\" role=\"img\" ><\/div>\n\t\t\t\t\t\t\t\t\t\t\t<div class=\"elementor-gallery-item__overlay\"><\/div>\n\t\t\t\t\t\t\t\t\t\t\t\t\t\t<\/a>\n\t\t\t\t\t\t\t<a class=\"e-gallery-item elementor-gallery-item elementor-animated-content\" href=\"https:\/\/terredechampions.besancon.fr\/wp-content\/uploads\/2022\/01\/2021_12_14_COPS25_058.jpg\" data-elementor-open-lightbox=\"yes\" data-elementor-lightbox-slideshow=\"4864a1a\" data-elementor-lightbox-title=\"COPS25\" data-e-action-hash=\"#elementor-action%3Aaction%3Dlightbox%26settings%3DeyJpZCI6MjA3OCwidXJsIjoiaHR0cHM6XC9cL3RlcnJlZGVjaGFtcGlvbnMuYmVzYW5jb24uZnJcL3dwLWNvbnRlbnRcL3VwbG9hZHNcLzIwMjJcLzAxXC8yMDIxXzEyXzE0X0NPUFMyNV8wNTguanBnIiwic2xpZGVzaG93IjoiNDg2NGExYSJ9\">\n\t\t\t\t\t<div class=\"e-gallery-image elementor-gallery-item__image\" data-thumbnail=\"https:\/\/terredechampions.besancon.fr\/wp-content\/uploads\/2022\/01\/2021_12_14_COPS25_058-300x200.jpg\" data-width=\"300\" data-height=\"200\" aria-label=\"\" role=\"img\" ><\/div>\n\t\t\t\t\t\t\t\t\t\t\t<div class=\"elementor-gallery-item__overlay\"><\/div>\n\t\t\t\t\t\t\t\t\t\t\t\t\t\t<\/a>\n\t\t\t\t\t\t\t<a class=\"e-gallery-item elementor-gallery-item elementor-animated-content\" href=\"https:\/\/terredechampions.besancon.fr\/wp-content\/uploads\/2021\/12\/2021_12_14_COPS25_202.jpg\" data-elementor-open-lightbox=\"yes\" data-elementor-lightbox-slideshow=\"4864a1a\" data-elementor-lightbox-title=\"COPS25\" data-e-action-hash=\"#elementor-action%3Aaction%3Dlightbox%26settings%3DeyJpZCI6MzM4NiwidXJsIjoiaHR0cHM6XC9cL3RlcnJlZGVjaGFtcGlvbnMuYmVzYW5jb24uZnJcL3dwLWNvbnRlbnRcL3VwbG9hZHNcLzIwMjFcLzEyXC8yMDIxXzEyXzE0X0NPUFMyNV8yMDIuanBnIiwic2xpZGVzaG93IjoiNDg2NGExYSJ9\">\n\t\t\t\t\t<div class=\"e-gallery-image elementor-gallery-item__image\" data-thumbnail=\"https:\/\/terredechampions.besancon.fr\/wp-content\/uploads\/2021\/12\/2021_12_14_COPS25_202-300x200.jpg\" data-width=\"300\" data-height=\"200\" aria-label=\"\" role=\"img\" ><\/div>\n\t\t\t\t\t\t\t\t\t\t\t<div class=\"elementor-gallery-item__overlay\"><\/div>\n\t\t\t\t\t\t\t\t\t\t\t\t\t\t<\/a>\n\t\t\t\t\t\t\t<a class=\"e-gallery-item elementor-gallery-item elementor-animated-content\" href=\"https:\/\/terredechampions.besancon.fr\/wp-content\/uploads\/2022\/01\/2021_12_14_COPS25_015.jpg\" data-elementor-open-lightbox=\"yes\" data-elementor-lightbox-slideshow=\"4864a1a\" data-elementor-lightbox-title=\"COPS25\" data-e-action-hash=\"#elementor-action%3Aaction%3Dlightbox%26settings%3DeyJpZCI6MjA3NSwidXJsIjoiaHR0cHM6XC9cL3RlcnJlZGVjaGFtcGlvbnMuYmVzYW5jb24uZnJcL3dwLWNvbnRlbnRcL3VwbG9hZHNcLzIwMjJcLzAxXC8yMDIxXzEyXzE0X0NPUFMyNV8wMTUuanBnIiwic2xpZGVzaG93IjoiNDg2NGExYSJ9\">\n\t\t\t\t\t<div class=\"e-gallery-image elementor-gallery-item__image\" data-thumbnail=\"https:\/\/terredechampions.besancon.fr\/wp-content\/uploads\/2022\/01\/2021_12_14_COPS25_015-300x200.jpg\" data-width=\"300\" data-height=\"200\" aria-label=\"\" role=\"img\" ><\/div>\n\t\t\t\t\t\t\t\t\t\t\t<div class=\"elementor-gallery-item__overlay\"><\/div>\n\t\t\t\t\t\t\t\t\t\t\t\t\t\t<\/a>\n\t\t\t\t\t\t\t<a class=\"e-gallery-item elementor-gallery-item elementor-animated-content\" href=\"https:\/\/terredechampions.besancon.fr\/wp-content\/uploads\/2022\/01\/2021_12_14_COPS25_125.jpg\" data-elementor-open-lightbox=\"yes\" data-elementor-lightbox-slideshow=\"4864a1a\" data-elementor-lightbox-title=\"COPS25\" data-e-action-hash=\"#elementor-action%3Aaction%3Dlightbox%26settings%3DeyJpZCI6MjA4MiwidXJsIjoiaHR0cHM6XC9cL3RlcnJlZGVjaGFtcGlvbnMuYmVzYW5jb24uZnJcL3dwLWNvbnRlbnRcL3VwbG9hZHNcLzIwMjJcLzAxXC8yMDIxXzEyXzE0X0NPUFMyNV8xMjUuanBnIiwic2xpZGVzaG93IjoiNDg2NGExYSJ9\">\n\t\t\t\t\t<div class=\"e-gallery-image elementor-gallery-item__image\" data-thumbnail=\"https:\/\/terredechampions.besancon.fr\/wp-content\/uploads\/2022\/01\/2021_12_14_COPS25_125-300x200.jpg\" data-width=\"300\" data-height=\"200\" aria-label=\"\" role=\"img\" ><\/div>\n\t\t\t\t\t\t\t\t\t\t\t<div class=\"elementor-gallery-item__overlay\"><\/div>\n\t\t\t\t\t\t\t\t\t\t\t\t\t\t<\/a>\n\t\t\t\t\t\t\t<a class=\"e-gallery-item elementor-gallery-item elementor-animated-content\" href=\"https:\/\/terredechampions.besancon.fr\/wp-content\/uploads\/2022\/01\/2021_12_14_COPS25_095.jpg\" data-elementor-open-lightbox=\"yes\" data-elementor-lightbox-slideshow=\"4864a1a\" data-elementor-lightbox-title=\"COPS25\" data-e-action-hash=\"#elementor-action%3Aaction%3Dlightbox%26settings%3DeyJpZCI6MjA4MSwidXJsIjoiaHR0cHM6XC9cL3RlcnJlZGVjaGFtcGlvbnMuYmVzYW5jb24uZnJcL3dwLWNvbnRlbnRcL3VwbG9hZHNcLzIwMjJcLzAxXC8yMDIxXzEyXzE0X0NPUFMyNV8wOTUuanBnIiwic2xpZGVzaG93IjoiNDg2NGExYSJ9\">\n\t\t\t\t\t<div class=\"e-gallery-image elementor-gallery-item__image\" data-thumbnail=\"https:\/\/terredechampions.besancon.fr\/wp-content\/uploads\/2022\/01\/2021_12_14_COPS25_095-300x200.jpg\" data-width=\"300\" data-height=\"200\" aria-label=\"\" role=\"img\" ><\/div>\n\t\t\t\t\t\t\t\t\t\t\t<div class=\"elementor-gallery-item__overlay\"><\/div>\n\t\t\t\t\t\t\t\t\t\t\t\t\t\t<\/a>\n\t\t\t\t\t\t\t<a class=\"e-gallery-item elementor-gallery-item elementor-animated-content\" href=\"https:\/\/terredechampions.besancon.fr\/wp-content\/uploads\/2022\/01\/2021_12_14_COPS25_161.jpg\" data-elementor-open-lightbox=\"yes\" data-elementor-lightbox-slideshow=\"4864a1a\" data-elementor-lightbox-title=\"COPS25\" data-e-action-hash=\"#elementor-action%3Aaction%3Dlightbox%26settings%3DeyJpZCI6MjA4NSwidXJsIjoiaHR0cHM6XC9cL3RlcnJlZGVjaGFtcGlvbnMuYmVzYW5jb24uZnJcL3dwLWNvbnRlbnRcL3VwbG9hZHNcLzIwMjJcLzAxXC8yMDIxXzEyXzE0X0NPUFMyNV8xNjEuanBnIiwic2xpZGVzaG93IjoiNDg2NGExYSJ9\">\n\t\t\t\t\t<div class=\"e-gallery-image elementor-gallery-item__image\" data-thumbnail=\"https:\/\/terredechampions.besancon.fr\/wp-content\/uploads\/2022\/01\/2021_12_14_COPS25_161-300x200.jpg\" data-width=\"300\" data-height=\"200\" aria-label=\"\" role=\"img\" ><\/div>\n\t\t\t\t\t\t\t\t\t\t\t<div class=\"elementor-gallery-item__overlay\"><\/div>\n\t\t\t\t\t\t\t\t\t\t\t\t\t\t<\/a>\n\t\t\t\t\t<\/div>\n\t\t\t\t\t<\/div>\n\t\t\t\t<\/div>\n\t\t\t\t\t<\/div>\n\t\t<\/div>\n\t\t\t\t\t<\/div>\n\t\t<\/section>\n\t\t\t\t<\/div>","protected":false},"excerpt":{"rendered":"<p>LE COPS, UN ESPACE D\u00c9DI\u00c9 AU SPORT D\u2019\u00c9LITE Le COPS, Complexe d\u2019Optimisation de la Performance Sportive, ouvert en mars 2020 est unique en France. Ce b\u00e2timent d\u2019une surface de 2 500 m2 imagin\u00e9 par Alexandre Chouffe, ancien cycliste professionnel, pour r\u00e9pondre aux demandes d\u2019athl\u00e8tes de haut niveau, rassemble de nombreux \u00e9quipements et services qui combleront [&hellip;]<\/p>\n","protected":false},"author":1,"featured_media":2084,"parent":0,"menu_order":0,"comment_status":"closed","ping_status":"closed","template":"","meta":{"footnotes":""},"taxonomy-discipline":[],"class_list":["post-882","page","type-page","status-publish","has-post-thumbnail","hentry"],"_links":{"self":[{"href":"https:\/\/terredechampions.besancon.fr\/es\/wp-json\/wp\/v2\/pages\/882","targetHints":{"allow":["GET"]}}],"collection":[{"href":"https:\/\/terredechampions.besancon.fr\/es\/wp-json\/wp\/v2\/pages"}],"about":[{"href":"https:\/\/terredechampions.besancon.fr\/es\/wp-json\/wp\/v2\/types\/page"}],"author":[{"embeddable":true,"href":"https:\/\/terredechampions.besancon.fr\/es\/wp-json\/wp\/v2\/users\/1"}],"replies":[{"embeddable":true,"href":"https:\/\/terredechampions.besancon.fr\/es\/wp-json\/wp\/v2\/comments?post=882"}],"version-history":[{"count":0,"href":"https:\/\/terredechampions.besancon.fr\/es\/wp-json\/wp\/v2\/pages\/882\/revisions"}],"wp:featuredmedia":[{"embeddable":true,"href":"https:\/\/terredechampions.besancon.fr\/es\/wp-json\/wp\/v2\/media\/2084"}],"wp:attachment":[{"href":"https:\/\/terredechampions.besancon.fr\/es\/wp-json\/wp\/v2\/media?parent=882"}],"wp:term":[{"taxonomy":"taxonomy-discipline","embeddable":true,"href":"https:\/\/terredechampions.besancon.fr\/es\/wp-json\/wp\/v2\/taxonomy-discipline?post=882"}],"curies":[{"name":"wp","href":"https:\/\/api.w.org\/{rel}","templated":true}]}}