{"id":880,"date":"2021-12-16T22:33:59","date_gmt":"2021-12-16T21:33:59","guid":{"rendered":"http:\/\/tdj.digitaledeluxe.fr\/?page_id=880"},"modified":"2024-01-30T10:08:19","modified_gmt":"2024-01-30T09:08:19","slug":"services-medicaux","status":"publish","type":"page","link":"https:\/\/terredechampions.besancon.fr\/es\/services-medicaux\/","title":{"rendered":"Atenciones m\u00e9dicas"},"content":{"rendered":"<div data-elementor-type=\"wp-page\" data-elementor-id=\"880\" class=\"elementor elementor-880\" data-elementor-post-type=\"page\">\n\t\t\t\t\t\t<section class=\"elementor-section elementor-top-section elementor-element elementor-element-6b9ad13 elementor-section-height-min-height elementor-section-boxed elementor-section-height-default elementor-section-items-middle\" data-id=\"6b9ad13\" data-element_type=\"section\" data-e-type=\"section\" data-settings=\"{&quot;background_background&quot;:&quot;classic&quot;}\">\n\t\t\t\t\t\t\t<div class=\"elementor-background-overlay\"><\/div>\n\t\t\t\t\t\t\t<div class=\"elementor-container elementor-column-gap-default\">\n\t\t\t\t\t<div class=\"elementor-column elementor-col-50 elementor-top-column elementor-element elementor-element-dee9fed\" data-id=\"dee9fed\" data-element_type=\"column\" data-e-type=\"column\">\n\t\t\t<div class=\"elementor-widget-wrap elementor-element-populated\">\n\t\t\t\t\t\t<div class=\"elementor-element elementor-element-97ca1a4 elementor-widget elementor-widget-heading\" data-id=\"97ca1a4\" data-element_type=\"widget\" data-e-type=\"widget\" data-widget_type=\"heading.default\">\n\t\t\t\t<div class=\"elementor-widget-container\">\n\t\t\t\t\t<h2 class=\"elementor-heading-title elementor-size-default\">Atenciones m\u00e9dicas<\/h2>\t\t\t\t<\/div>\n\t\t\t\t<\/div>\n\t\t\t\t\t<\/div>\n\t\t<\/div>\n\t\t\t\t<div class=\"elementor-column elementor-col-50 elementor-top-column elementor-element elementor-element-2ac1a6c\" data-id=\"2ac1a6c\" data-element_type=\"column\" data-e-type=\"column\">\n\t\t\t<div class=\"elementor-widget-wrap\">\n\t\t\t\t\t\t\t<\/div>\n\t\t<\/div>\n\t\t\t\t\t<\/div>\n\t\t<\/section>\n\t\t\t\t<section class=\"elementor-section elementor-top-section elementor-element elementor-element-adf45f4 elementor-section-boxed elementor-section-height-default elementor-section-height-default\" data-id=\"adf45f4\" data-element_type=\"section\" data-e-type=\"section\">\n\t\t\t\t\t\t<div class=\"elementor-container elementor-column-gap-default\">\n\t\t\t\t\t<div class=\"elementor-column elementor-col-50 elementor-top-column elementor-element elementor-element-3fe1f03\" data-id=\"3fe1f03\" data-element_type=\"column\" data-e-type=\"column\">\n\t\t\t<div class=\"elementor-widget-wrap elementor-element-populated\">\n\t\t\t\t\t\t<div class=\"elementor-element elementor-element-a9ca110 elementor-widget elementor-widget-heading\" data-id=\"a9ca110\" data-element_type=\"widget\" data-e-type=\"widget\" data-widget_type=\"heading.default\">\n\t\t\t\t<div class=\"elementor-widget-container\">\n\t\t\t\t\t<h3 class=\"elementor-heading-title elementor-size-default\">ATENCIONES MEDICAS A LA MEDIDA<\/h3>\t\t\t\t<\/div>\n\t\t\t\t<\/div>\n\t\t\t\t<div class=\"elementor-element elementor-element-12ee00a elementor-widget elementor-widget-text-editor\" data-id=\"12ee00a\" data-element_type=\"widget\" data-e-type=\"widget\" data-widget_type=\"text-editor.default\">\n\t\t\t\t<div class=\"elementor-widget-container\">\n\t\t\t\t\t\t\t\t\t<p>En todo momento, durante las estad\u00edas de preparaci\u00f3n, se podr\u00e1 disponer de atenciones m\u00e9dicas seg\u00fan se necesiten.<\/p>\n<p class=\" translation-block\">Los m\u00e9dicos del servicio de <strong>Medicina f\u00edsica y de readaptaci\u00f3n del Centro hospitalario Universitario<\/strong> estar\u00e1n de turno y ayudar\u00e1n en la coordinaci\u00f3n de atenciones, en relaci\u00f3n con el personal de las federaciones.\nEstos podr\u00e1n facilitar el acceso r\u00e1pido a las estructuras hospitalarias universitarias y privadas.<\/p>\n<p><b>CIMRAD<\/b>, regroupement de centres d&rsquo;imagerie m\u00e9dicale, proposera, en partenariat avec les services hospitaliers publiques, de mettre \u00e0 disposition un plateau d&rsquo;imagerie de haute technologie : 3 IRM 3 Tesla et une IRM 1,5 Tesla, 3 scanners; un syst\u00e8me EOS ainsi que du mat\u00e9riel radiographique standard et \u00e9chographique permettant une prise en charge diagnostique et th\u00e9rapeutique optimale du sportif.<\/p><p class=\" translation-block\">En lo que concierne la recuperaci\u00f3n de los deportistas, el <strong><a href=\"https:\/\/terredechampions.besancon.fr\/es\/le-cops-complexe-doptimisation-de-la-performance-sportive\/\" target=\"_self\">COPS<\/a><\/strong> ser\u00e1, obviamente un lugar ineludible, pero las piscinas municipales propondr\u00e1n tambi\u00e9n accesos privilegiados para ofrecer momentos indispensables de relajamiento.<\/p>\n<p>Tambi\u00e9n se podr\u00e1n organizar sesiones espec\u00edficas en inmersi\u00f3n, en el marco de programas personalizados en caso de lesi\u00f3n.<\/p>\t\t\t\t\t\t\t\t<\/div>\n\t\t\t\t<\/div>\n\t\t\t\t\t<\/div>\n\t\t<\/div>\n\t\t\t\t<div class=\"elementor-column elementor-col-50 elementor-top-column elementor-element elementor-element-a377032\" data-id=\"a377032\" data-element_type=\"column\" data-e-type=\"column\" data-settings=\"{&quot;background_background&quot;:&quot;classic&quot;}\">\n\t\t\t<div class=\"elementor-widget-wrap elementor-element-populated\">\n\t\t\t\t\t\t<div class=\"elementor-element elementor-element-952ad54 elementor-widget elementor-widget-gallery\" data-id=\"952ad54\" data-element_type=\"widget\" data-e-type=\"widget\" data-settings=\"{&quot;gallery_layout&quot;:&quot;justified&quot;,&quot;lazyload&quot;:&quot;yes&quot;,&quot;ideal_row_height&quot;:{&quot;unit&quot;:&quot;px&quot;,&quot;size&quot;:200,&quot;sizes&quot;:[]},&quot;ideal_row_height_tablet&quot;:{&quot;unit&quot;:&quot;px&quot;,&quot;size&quot;:150,&quot;sizes&quot;:[]},&quot;ideal_row_height_mobile&quot;:{&quot;unit&quot;:&quot;px&quot;,&quot;size&quot;:150,&quot;sizes&quot;:[]},&quot;gap&quot;:{&quot;unit&quot;:&quot;px&quot;,&quot;size&quot;:10,&quot;sizes&quot;:[]},&quot;gap_tablet&quot;:{&quot;unit&quot;:&quot;px&quot;,&quot;size&quot;:10,&quot;sizes&quot;:[]},&quot;gap_mobile&quot;:{&quot;unit&quot;:&quot;px&quot;,&quot;size&quot;:10,&quot;sizes&quot;:[]},&quot;link_to&quot;:&quot;file&quot;,&quot;overlay_background&quot;:&quot;yes&quot;,&quot;content_hover_animation&quot;:&quot;fade-in&quot;}\" data-widget_type=\"gallery.default\">\n\t\t\t\t<div class=\"elementor-widget-container\">\n\t\t\t\t\t\t\t<div class=\"elementor-gallery__container\">\n\t\t\t\t\t\t\t<a class=\"e-gallery-item elementor-gallery-item elementor-animated-content\" href=\"https:\/\/terredechampions.besancon.fr\/wp-content\/uploads\/2022\/01\/sandra-imagerie-scaled.jpg\" data-elementor-open-lightbox=\"yes\" data-elementor-lightbox-slideshow=\"952ad54\" data-elementor-lightbox-title=\"imagerie\" data-e-action-hash=\"#elementor-action%3Aaction%3Dlightbox%26settings%3DeyJpZCI6MTcyMSwidXJsIjoiaHR0cHM6XC9cL3RlcnJlZGVjaGFtcGlvbnMuYmVzYW5jb24uZnJcL3dwLWNvbnRlbnRcL3VwbG9hZHNcLzIwMjJcLzAxXC9zYW5kcmEtaW1hZ2VyaWUtc2NhbGVkLmpwZyIsInNsaWRlc2hvdyI6Ijk1MmFkNTQifQ%3D%3D\">\n\t\t\t\t\t<div class=\"e-gallery-image elementor-gallery-item__image\" data-thumbnail=\"https:\/\/terredechampions.besancon.fr\/wp-content\/uploads\/2022\/01\/sandra-imagerie-300x200.jpg\" data-width=\"300\" data-height=\"200\" aria-label=\"\" role=\"img\" ><\/div>\n\t\t\t\t\t\t\t\t\t\t\t<div class=\"elementor-gallery-item__overlay\"><\/div>\n\t\t\t\t\t\t\t\t\t\t\t\t\t\t<\/a>\n\t\t\t\t\t\t\t<a class=\"e-gallery-item elementor-gallery-item elementor-animated-content\" href=\"https:\/\/terredechampions.besancon.fr\/wp-content\/uploads\/2022\/01\/EMPLOI-1-scaled.jpg\" data-elementor-open-lightbox=\"yes\" data-elementor-lightbox-slideshow=\"952ad54\" data-elementor-lightbox-title=\"EMPLOI (1)\" data-e-action-hash=\"#elementor-action%3Aaction%3Dlightbox%26settings%3DeyJpZCI6MTc2MCwidXJsIjoiaHR0cHM6XC9cL3RlcnJlZGVjaGFtcGlvbnMuYmVzYW5jb24uZnJcL3dwLWNvbnRlbnRcL3VwbG9hZHNcLzIwMjJcLzAxXC9FTVBMT0ktMS1zY2FsZWQuanBnIiwic2xpZGVzaG93IjoiOTUyYWQ1NCJ9\">\n\t\t\t\t\t<div class=\"e-gallery-image elementor-gallery-item__image\" data-thumbnail=\"https:\/\/terredechampions.besancon.fr\/wp-content\/uploads\/2022\/01\/EMPLOI-1-300x200.jpg\" data-width=\"300\" data-height=\"200\" aria-label=\"\" role=\"img\" ><\/div>\n\t\t\t\t\t\t\t\t\t\t\t<div class=\"elementor-gallery-item__overlay\"><\/div>\n\t\t\t\t\t\t\t\t\t\t\t\t\t\t<\/a>\n\t\t\t\t\t\t\t<a class=\"e-gallery-item elementor-gallery-item elementor-animated-content\" href=\"https:\/\/terredechampions.besancon.fr\/wp-content\/uploads\/2022\/01\/sandra-infirmie\u0300re.jpg\" data-elementor-open-lightbox=\"yes\" data-elementor-lightbox-slideshow=\"952ad54\" data-elementor-lightbox-title=\"infirmie\u0300re\" data-e-action-hash=\"#elementor-action%3Aaction%3Dlightbox%26settings%3DeyJpZCI6MTcyMiwidXJsIjoiaHR0cHM6XC9cL3RlcnJlZGVjaGFtcGlvbnMuYmVzYW5jb24uZnJcL3dwLWNvbnRlbnRcL3VwbG9hZHNcLzIwMjJcLzAxXC9zYW5kcmEtaW5maXJtaWVcdTAzMDByZS5qcGciLCJzbGlkZXNob3ciOiI5NTJhZDU0In0%3D\">\n\t\t\t\t\t<div class=\"e-gallery-image elementor-gallery-item__image\" data-thumbnail=\"https:\/\/terredechampions.besancon.fr\/wp-content\/uploads\/2022\/01\/sandra-infirmie\u0300re-300x200.jpg\" data-width=\"300\" data-height=\"200\" aria-label=\"\" role=\"img\" ><\/div>\n\t\t\t\t\t\t\t\t\t\t\t<div class=\"elementor-gallery-item__overlay\"><\/div>\n\t\t\t\t\t\t\t\t\t\t\t\t\t\t<\/a>\n\t\t\t\t\t\t\t<a class=\"e-gallery-item elementor-gallery-item elementor-animated-content\" href=\"https:\/\/terredechampions.besancon.fr\/wp-content\/uploads\/2022\/01\/sandra-cardio-scaled.jpg\" data-elementor-open-lightbox=\"yes\" data-elementor-lightbox-slideshow=\"952ad54\" data-elementor-lightbox-title=\"cardio\" data-e-action-hash=\"#elementor-action%3Aaction%3Dlightbox%26settings%3DeyJpZCI6MTcyMCwidXJsIjoiaHR0cHM6XC9cL3RlcnJlZGVjaGFtcGlvbnMuYmVzYW5jb24uZnJcL3dwLWNvbnRlbnRcL3VwbG9hZHNcLzIwMjJcLzAxXC9zYW5kcmEtY2FyZGlvLXNjYWxlZC5qcGciLCJzbGlkZXNob3ciOiI5NTJhZDU0In0%3D\">\n\t\t\t\t\t<div class=\"e-gallery-image elementor-gallery-item__image\" data-thumbnail=\"https:\/\/terredechampions.besancon.fr\/wp-content\/uploads\/2022\/01\/sandra-cardio-300x151.jpg\" data-width=\"300\" data-height=\"151\" aria-label=\"\" role=\"img\" ><\/div>\n\t\t\t\t\t\t\t\t\t\t\t<div class=\"elementor-gallery-item__overlay\"><\/div>\n\t\t\t\t\t\t\t\t\t\t\t\t\t\t<\/a>\n\t\t\t\t\t\t\t<a class=\"e-gallery-item elementor-gallery-item elementor-animated-content\" href=\"https:\/\/terredechampions.besancon.fr\/wp-content\/uploads\/2022\/01\/DYNAMIQUE-ECO-1-scaled.jpg\" data-elementor-open-lightbox=\"yes\" data-elementor-lightbox-slideshow=\"952ad54\" data-elementor-lightbox-title=\"DYNAMIQUE ECO (1)\" data-e-action-hash=\"#elementor-action%3Aaction%3Dlightbox%26settings%3DeyJpZCI6MTc1OSwidXJsIjoiaHR0cHM6XC9cL3RlcnJlZGVjaGFtcGlvbnMuYmVzYW5jb24uZnJcL3dwLWNvbnRlbnRcL3VwbG9hZHNcLzIwMjJcLzAxXC9EWU5BTUlRVUUtRUNPLTEtc2NhbGVkLmpwZyIsInNsaWRlc2hvdyI6Ijk1MmFkNTQifQ%3D%3D\">\n\t\t\t\t\t<div class=\"e-gallery-image elementor-gallery-item__image\" data-thumbnail=\"https:\/\/terredechampions.besancon.fr\/wp-content\/uploads\/2022\/01\/DYNAMIQUE-ECO-1-300x200.jpg\" data-width=\"300\" data-height=\"200\" aria-label=\"\" role=\"img\" ><\/div>\n\t\t\t\t\t\t\t\t\t\t\t<div class=\"elementor-gallery-item__overlay\"><\/div>\n\t\t\t\t\t\t\t\t\t\t\t\t\t\t<\/a>\n\t\t\t\t\t\t\t<a class=\"e-gallery-item elementor-gallery-item elementor-animated-content\" href=\"https:\/\/terredechampions.besancon.fr\/wp-content\/uploads\/2022\/01\/EMPLOI-2.jpg\" data-elementor-open-lightbox=\"yes\" data-elementor-lightbox-slideshow=\"952ad54\" data-elementor-lightbox-title=\"EMPLOI (2)\" data-e-action-hash=\"#elementor-action%3Aaction%3Dlightbox%26settings%3DeyJpZCI6MTc2MSwidXJsIjoiaHR0cHM6XC9cL3RlcnJlZGVjaGFtcGlvbnMuYmVzYW5jb24uZnJcL3dwLWNvbnRlbnRcL3VwbG9hZHNcLzIwMjJcLzAxXC9FTVBMT0ktMi5qcGciLCJzbGlkZXNob3ciOiI5NTJhZDU0In0%3D\">\n\t\t\t\t\t<div class=\"e-gallery-image elementor-gallery-item__image\" data-thumbnail=\"https:\/\/terredechampions.besancon.fr\/wp-content\/uploads\/2022\/01\/EMPLOI-2-300x200.jpg\" data-width=\"300\" data-height=\"200\" aria-label=\"\" role=\"img\" ><\/div>\n\t\t\t\t\t\t\t\t\t\t\t<div class=\"elementor-gallery-item__overlay\"><\/div>\n\t\t\t\t\t\t\t\t\t\t\t\t\t\t<\/a>\n\t\t\t\t\t<\/div>\n\t\t\t\t\t<\/div>\n\t\t\t\t<\/div>\n\t\t\t\t\t<\/div>\n\t\t<\/div>\n\t\t\t\t\t<\/div>\n\t\t<\/section>\n\t\t\t\t<section class=\"elementor-section elementor-top-section elementor-element elementor-element-30856b6 elementor-section-boxed elementor-section-height-default elementor-section-height-default\" data-id=\"30856b6\" data-element_type=\"section\" data-e-type=\"section\">\n\t\t\t\t\t\t<div class=\"elementor-container elementor-column-gap-default\">\n\t\t\t\t\t<div class=\"elementor-column elementor-col-100 elementor-top-column elementor-element elementor-element-b6dc469\" data-id=\"b6dc469\" data-element_type=\"column\" data-e-type=\"column\">\n\t\t\t<div class=\"elementor-widget-wrap\">\n\t\t\t\t\t\t\t<\/div>\n\t\t<\/div>\n\t\t\t\t\t<\/div>\n\t\t<\/section>\n\t\t\t\t<section class=\"elementor-section elementor-top-section elementor-element elementor-element-e08bfbf elementor-section-boxed elementor-section-height-default elementor-section-height-default\" data-id=\"e08bfbf\" data-element_type=\"section\" data-e-type=\"section\">\n\t\t\t\t\t\t<div class=\"elementor-container elementor-column-gap-default\">\n\t\t\t\t\t<div class=\"elementor-column elementor-col-100 elementor-top-column elementor-element elementor-element-fc51349\" data-id=\"fc51349\" data-element_type=\"column\" data-e-type=\"column\">\n\t\t\t<div class=\"elementor-widget-wrap\">\n\t\t\t\t\t\t\t<\/div>\n\t\t<\/div>\n\t\t\t\t\t<\/div>\n\t\t<\/section>\n\t\t\t\t<\/div>","protected":false},"excerpt":{"rendered":"<p>DES SERVICES M\u00c9DICAUX SUR MESURE \u00c0 tout moment, lors des stages de pr\u00e9paration, des services m\u00e9dicaux pourront \u00eatre mobilisables \u00e0 la demande, selon les besoins. Les m\u00e9decins du service de M\u00e9decine physique et de R\u00e9adaptation du Centre Hospitalier Universitaire assureront une astreinte et aideront \u00e0 la coordination des soins, en lien avec le personnel des [&hellip;]<\/p>\n","protected":false},"author":1,"featured_media":3390,"parent":0,"menu_order":0,"comment_status":"closed","ping_status":"closed","template":"","meta":{"footnotes":""},"taxonomy-discipline":[],"class_list":["post-880","page","type-page","status-publish","has-post-thumbnail","hentry"],"_links":{"self":[{"href":"https:\/\/terredechampions.besancon.fr\/es\/wp-json\/wp\/v2\/pages\/880","targetHints":{"allow":["GET"]}}],"collection":[{"href":"https:\/\/terredechampions.besancon.fr\/es\/wp-json\/wp\/v2\/pages"}],"about":[{"href":"https:\/\/terredechampions.besancon.fr\/es\/wp-json\/wp\/v2\/types\/page"}],"author":[{"embeddable":true,"href":"https:\/\/terredechampions.besancon.fr\/es\/wp-json\/wp\/v2\/users\/1"}],"replies":[{"embeddable":true,"href":"https:\/\/terredechampions.besancon.fr\/es\/wp-json\/wp\/v2\/comments?post=880"}],"version-history":[{"count":14,"href":"https:\/\/terredechampions.besancon.fr\/es\/wp-json\/wp\/v2\/pages\/880\/revisions"}],"predecessor-version":[{"id":7092,"href":"https:\/\/terredechampions.besancon.fr\/es\/wp-json\/wp\/v2\/pages\/880\/revisions\/7092"}],"wp:featuredmedia":[{"embeddable":true,"href":"https:\/\/terredechampions.besancon.fr\/es\/wp-json\/wp\/v2\/media\/3390"}],"wp:attachment":[{"href":"https:\/\/terredechampions.besancon.fr\/es\/wp-json\/wp\/v2\/media?parent=880"}],"wp:term":[{"taxonomy":"taxonomy-discipline","embeddable":true,"href":"https:\/\/terredechampions.besancon.fr\/es\/wp-json\/wp\/v2\/taxonomy-discipline?post=880"}],"curies":[{"name":"wp","href":"https:\/\/api.w.org\/{rel}","templated":true}]}}