{"id":874,"date":"2021-12-16T22:32:58","date_gmt":"2021-12-16T21:32:58","guid":{"rendered":"http:\/\/tdj.digitaledeluxe.fr\/?page_id=874"},"modified":"2022-02-16T18:03:55","modified_gmt":"2022-02-16T17:03:55","slug":"venir-a-besancon","status":"publish","type":"page","link":"https:\/\/terredechampions.besancon.fr\/en\/venir-a-besancon\/","title":{"rendered":"Getting to Besan\u00e7on"},"content":{"rendered":"<div data-elementor-type=\"wp-page\" data-elementor-id=\"874\" class=\"elementor elementor-874\" data-elementor-post-type=\"page\">\n\t\t\t\t\t\t<section class=\"elementor-section elementor-top-section elementor-element elementor-element-cc3ce68 elementor-section-boxed elementor-section-height-default elementor-section-height-default\" data-id=\"cc3ce68\" data-element_type=\"section\" data-e-type=\"section\">\n\t\t\t\t\t\t<div class=\"elementor-container elementor-column-gap-default\">\n\t\t\t\t\t<div class=\"elementor-column elementor-col-100 elementor-top-column elementor-element elementor-element-70b37bd\" data-id=\"70b37bd\" data-element_type=\"column\" data-e-type=\"column\">\n\t\t\t<div class=\"elementor-widget-wrap elementor-element-populated\">\n\t\t\t\t\t\t<div class=\"elementor-element elementor-element-2c363a6 elementor-widget elementor-widget-heading\" data-id=\"2c363a6\" data-element_type=\"widget\" data-e-type=\"widget\" data-widget_type=\"heading.default\">\n\t\t\t\t<div class=\"elementor-widget-container\">\n\t\t\t\t\t<h1 class=\"elementor-heading-title elementor-size-default\">Getting to Besan\u00e7on<\/h1>\t\t\t\t<\/div>\n\t\t\t\t<\/div>\n\t\t\t\t<section class=\"elementor-section elementor-inner-section elementor-element elementor-element-7dce82f elementor-section-boxed elementor-section-height-default elementor-section-height-default\" data-id=\"7dce82f\" data-element_type=\"section\" data-e-type=\"section\" data-settings=\"{&quot;background_background&quot;:&quot;classic&quot;}\">\n\t\t\t\t\t\t<div class=\"elementor-container elementor-column-gap-default\">\n\t\t\t\t\t<div class=\"elementor-column elementor-col-50 elementor-inner-column elementor-element elementor-element-d187b43\" data-id=\"d187b43\" data-element_type=\"column\" data-e-type=\"column\">\n\t\t\t<div class=\"elementor-widget-wrap\">\n\t\t\t\t\t\t\t<\/div>\n\t\t<\/div>\n\t\t\t\t<div class=\"elementor-column elementor-col-50 elementor-inner-column elementor-element elementor-element-1790f75\" data-id=\"1790f75\" data-element_type=\"column\" data-e-type=\"column\">\n\t\t\t<div class=\"elementor-widget-wrap elementor-element-populated\">\n\t\t\t\t\t\t<div class=\"elementor-element elementor-element-b8019f0 elementor-widget elementor-widget-heading\" data-id=\"b8019f0\" data-element_type=\"widget\" data-e-type=\"widget\" data-widget_type=\"heading.default\">\n\t\t\t\t<div class=\"elementor-widget-container\">\n\t\t\t\t\t<h2 class=\"elementor-heading-title elementor-size-default\">AN IDEAL GEOGRAPHICAL LOCATION<\/h2>\t\t\t\t<\/div>\n\t\t\t\t<\/div>\n\t\t\t\t<div class=\"elementor-element elementor-element-8212b21 elementor-widget elementor-widget-text-editor\" data-id=\"8212b21\" data-element_type=\"widget\" data-e-type=\"widget\" data-widget_type=\"text-editor.default\">\n\t\t\t\t<div class=\"elementor-widget-container\">\n\t\t\t\t\t\t\t\t\t<p>Besan\u00e7on is located 2 hours from Olympic sites, 1 hour from Mulhouse and Geneva airports, 2 hours from Lyon airport; its location, its natural setting and its sports facilities just a 5-minute drive away from hotels make it the perfect place to prepare for the Olympics.<\/p>\t\t\t\t\t\t\t\t<\/div>\n\t\t\t\t<\/div>\n\t\t\t\t<div class=\"elementor-element elementor-element-a63a0ba elementor-widget elementor-widget-text-editor\" data-id=\"a63a0ba\" data-element_type=\"widget\" data-e-type=\"widget\" data-widget_type=\"text-editor.default\">\n\t\t\t\t<div class=\"elementor-widget-container\">\n\t\t\t\t\t\t\t\t\t<ul><li>A36 highway from the A6 and A39<\/li><li>High speed train station (Besan\u00e7on Franche-Comt\u00e9) and central train station (Viotte) (2 hours from Paris, Lyon and Strasbourg).<\/li><li>EuroVelo cycle track number 6 from Nantes to Budapest<\/li><\/ul>\t\t\t\t\t\t\t\t<\/div>\n\t\t\t\t<\/div>\n\t\t\t\t\t<\/div>\n\t\t<\/div>\n\t\t\t\t\t<\/div>\n\t\t<\/section>\n\t\t\t\t<section class=\"elementor-section elementor-inner-section elementor-element elementor-element-33a2d71 elementor-section-boxed elementor-section-height-default elementor-section-height-default\" data-id=\"33a2d71\" data-element_type=\"section\" data-e-type=\"section\">\n\t\t\t\t\t\t<div class=\"elementor-container elementor-column-gap-default\">\n\t\t\t\t\t<div class=\"elementor-column elementor-col-50 elementor-inner-column elementor-element elementor-element-cfa431f\" data-id=\"cfa431f\" data-element_type=\"column\" data-e-type=\"column\">\n\t\t\t<div class=\"elementor-widget-wrap elementor-element-populated\">\n\t\t\t\t\t\t<div class=\"elementor-element elementor-element-af63680 elementor-widget elementor-widget-text-editor\" data-id=\"af63680\" data-element_type=\"widget\" data-e-type=\"widget\" data-widget_type=\"text-editor.default\">\n\t\t\t\t<div class=\"elementor-widget-container\">\n\t\t\t\t\t\t\t\t\t<p>Besan\u00e7on and its surrounding area offer all the ingredients to be happy: ever-present and inspiring nature, easy rail access and sustainable mobility, well-conserved architectural heritage and a rich cultural life.<\/p><p class=\" translation-block\">With 125 dynamic and diversified sports clubs, its state of the art facilities, which 13 of them are gathered  in 6 Olympics preparation centers labelled Terre de Jeux 2024, Besan\u00e7on is the perfect structure to welcome the Olympics and Paralympics teams!<\/p><p class=\" translation-block\">Everyone is free to come up with their own personal recipe in this creative ecosystem: alone or with others, to break free or to reconnect, to fulfil their dreams or to make their projects happen, for one day or forever.<\/p>\t\t\t\t\t\t\t\t<\/div>\n\t\t\t\t<\/div>\n\t\t\t\t\t<\/div>\n\t\t<\/div>\n\t\t\t\t<div class=\"elementor-column elementor-col-50 elementor-inner-column elementor-element elementor-element-3897406\" data-id=\"3897406\" data-element_type=\"column\" data-e-type=\"column\">\n\t\t\t<div class=\"elementor-widget-wrap elementor-element-populated\">\n\t\t\t\t\t\t<div class=\"elementor-element elementor-element-eb91476 elementor-widget elementor-widget-image\" data-id=\"eb91476\" data-element_type=\"widget\" data-e-type=\"widget\" data-widget_type=\"image.default\">\n\t\t\t\t<div class=\"elementor-widget-container\">\n\t\t\t\t\t\t\t\t\t\t\t\t\t\t\t<img fetchpriority=\"high\" decoding=\"async\" width=\"800\" height=\"600\" src=\"https:\/\/terredechampions.besancon.fr\/wp-content\/uploads\/2021\/12\/DEV-DURABLE-5-1024x768.jpg\" class=\"attachment-large size-large wp-image-823\" alt=\"\" srcset=\"https:\/\/terredechampions.besancon.fr\/wp-content\/uploads\/2021\/12\/DEV-DURABLE-5-1024x768.jpg 1024w, https:\/\/terredechampions.besancon.fr\/wp-content\/uploads\/2021\/12\/DEV-DURABLE-5-300x225.jpg 300w, https:\/\/terredechampions.besancon.fr\/wp-content\/uploads\/2021\/12\/DEV-DURABLE-5-768x576.jpg 768w, https:\/\/terredechampions.besancon.fr\/wp-content\/uploads\/2021\/12\/DEV-DURABLE-5-1536x1152.jpg 1536w, https:\/\/terredechampions.besancon.fr\/wp-content\/uploads\/2021\/12\/DEV-DURABLE-5-2048x1536.jpg 2048w\" sizes=\"(max-width: 800px) 100vw, 800px\" \/>\t\t\t\t\t\t\t\t\t\t\t\t\t\t\t<\/div>\n\t\t\t\t<\/div>\n\t\t\t\t\t<\/div>\n\t\t<\/div>\n\t\t\t\t\t<\/div>\n\t\t<\/section>\n\t\t\t\t\t<\/div>\n\t\t<\/div>\n\t\t\t\t\t<\/div>\n\t\t<\/section>\n\t\t\t\t<\/div>","protected":false},"excerpt":{"rendered":"<p>Venir \u00e0 Besan\u00e7on Une situation g\u00e9ographique id\u00e9ale \u00c0 2h des sites olympiques, 1h des a\u00e9roports de Mulhouse et Gen\u00e8ve et \u00e0 2h de celui de Lyon, Besan\u00e7on offre un cadre de pr\u00e9paration olympique id\u00e9al, avec un cadre naturel et des \u00e9quipements sportifs \u00e0 moins de 5 minutes en v\u00e9hicule des h\u00f4tels. A36 par A6 et [&hellip;]<\/p>\n","protected":false},"author":1,"featured_media":0,"parent":0,"menu_order":0,"comment_status":"closed","ping_status":"closed","template":"","meta":{"footnotes":""},"taxonomy-discipline":[],"class_list":["post-874","page","type-page","status-publish","hentry"],"_links":{"self":[{"href":"https:\/\/terredechampions.besancon.fr\/en\/wp-json\/wp\/v2\/pages\/874","targetHints":{"allow":["GET"]}}],"collection":[{"href":"https:\/\/terredechampions.besancon.fr\/en\/wp-json\/wp\/v2\/pages"}],"about":[{"href":"https:\/\/terredechampions.besancon.fr\/en\/wp-json\/wp\/v2\/types\/page"}],"author":[{"embeddable":true,"href":"https:\/\/terredechampions.besancon.fr\/en\/wp-json\/wp\/v2\/users\/1"}],"replies":[{"embeddable":true,"href":"https:\/\/terredechampions.besancon.fr\/en\/wp-json\/wp\/v2\/comments?post=874"}],"version-history":[{"count":0,"href":"https:\/\/terredechampions.besancon.fr\/en\/wp-json\/wp\/v2\/pages\/874\/revisions"}],"wp:attachment":[{"href":"https:\/\/terredechampions.besancon.fr\/en\/wp-json\/wp\/v2\/media?parent=874"}],"wp:term":[{"taxonomy":"taxonomy-discipline","embeddable":true,"href":"https:\/\/terredechampions.besancon.fr\/en\/wp-json\/wp\/v2\/taxonomy-discipline?post=874"}],"curies":[{"name":"wp","href":"https:\/\/api.w.org\/{rel}","templated":true}]}}